{"id":836,"date":"2023-06-06T15:15:59","date_gmt":"2023-06-06T13:15:59","guid":{"rendered":"https:\/\/jean-micheldaune.be\/photo\/?page_id=836"},"modified":"2025-10-17T11:07:24","modified_gmt":"2025-10-17T09:07:24","slug":"contact_me","status":"publish","type":"page","link":"https:\/\/jean-micheldaune.be\/photo\/contact_me\/","title":{"rendered":"Contact"},"content":{"rendered":"<div id=\"pl-836\"  class=\"panel-layout\" ><div id=\"pg-836-0\"  class=\"panel-grid panel-no-style\" ><div id=\"pgc-836-0-0\"  class=\"panel-grid-cell\" ><div id=\"panel-836-0-0-0\" class=\"so-panel widget widget_media_image panel-first-child panel-last-child\" data-index=\"0\" ><img loading=\"lazy\" decoding=\"async\" width=\"600\" height=\"429\" src=\"https:\/\/jean-micheldaune.be\/photo\/wp-content\/uploads\/2025\/10\/\u00a9Daune_J-Michel-27-1024x733.jpg\" class=\"image wp-image-1465  attachment-large size-large\" alt=\"\" style=\"max-width: 100%; height: auto;\" srcset=\"https:\/\/jean-micheldaune.be\/photo\/wp-content\/uploads\/2025\/10\/\u00a9Daune_J-Michel-27-1024x733.jpg 1024w, https:\/\/jean-micheldaune.be\/photo\/wp-content\/uploads\/2025\/10\/\u00a9Daune_J-Michel-27-300x215.jpg 300w, https:\/\/jean-micheldaune.be\/photo\/wp-content\/uploads\/2025\/10\/\u00a9Daune_J-Michel-27-768x550.jpg 768w, https:\/\/jean-micheldaune.be\/photo\/wp-content\/uploads\/2025\/10\/\u00a9Daune_J-Michel-27-1536x1099.jpg 1536w, https:\/\/jean-micheldaune.be\/photo\/wp-content\/uploads\/2025\/10\/\u00a9Daune_J-Michel-27-1240x887.jpg 1240w, https:\/\/jean-micheldaune.be\/photo\/wp-content\/uploads\/2025\/10\/\u00a9Daune_J-Michel-27-508x364.jpg 508w, https:\/\/jean-micheldaune.be\/photo\/wp-content\/uploads\/2025\/10\/\u00a9Daune_J-Michel-27-600x429.jpg 600w, https:\/\/jean-micheldaune.be\/photo\/wp-content\/uploads\/2025\/10\/\u00a9Daune_J-Michel-27.jpg 1920w\" sizes=\"auto, (max-width: 600px) 100vw, 600px\" \/><\/div><\/div><div id=\"pgc-836-0-1\"  class=\"panel-grid-cell\" ><div id=\"panel-836-0-1-0\" class=\"so-panel widget widget_sow-editor panel-first-child\" data-index=\"1\" ><div\n\t\t\t\n\t\t\tclass=\"so-widget-sow-editor so-widget-sow-editor-base\"\n\t\t\t\n\t\t>\n<div class=\"siteorigin-widget-tinymce textwidget\">\n\t<p>T: +352 691 166 023<br \/>\n@: jimi@iddifix.lu<\/p>\n<p>Jean-Michel Daune \u2013 48 ans - photographe professionnel et vid\u00e9aste au Luxembourg dans le milieu de la communication (www.picture.lu \/  www.iddifix.lu \/  www.productionvideo.lu).<br \/>\nHabitant en Ardenne belge o\u00f9 la nature regorge de diversit\u00e9, il voyage chaque ann\u00e9e \u00e0 travers le globe pour trouver les perles rares et les plus belles lumi\u00e8res \u00e0 immortaliser : Islande, France, Norv\u00e8ge, Irlande, Italie, Suisse, Afrique, Costa Rica, Cara\u00efbes, Oc\u00e9anie, Indon\u00e9sie, Malaisie, Ouest Am\u00e9ricain, \u2026 Il vous accompagne \u00e0 chaque \u00e9tape pour faire de votre workshop un souvenir m\u00e9morable.<\/p>\n<\/div>\n<\/div><\/div><div id=\"panel-836-0-1-1\" class=\"so-panel widget widget_wpforms-widget wpforms-widget panel-last-child\" data-index=\"2\" ><div class=\"wpforms-container wpforms-container-full wpforms-render-modern\" id=\"wpforms-828\"><form id=\"wpforms-form-828\" class=\"wpforms-validate wpforms-form wpforms-ajax-form\" data-formid=\"828\" method=\"post\" enctype=\"multipart\/form-data\" action=\"\/photo\/wp-json\/wp\/v2\/pages\/836\" data-token=\"be6ffe55196b90c9a90b810888e5dd27\" data-token-time=\"1776660819\"><noscript class=\"wpforms-error-noscript\">Please enable JavaScript in your browser to complete this form.<\/noscript><div id=\"wpforms-error-noscript\" style=\"display: none;\">Please enable JavaScript in your browser to complete this form.<\/div><div class=\"wpforms-field-container\"><div id=\"wpforms-828-field_0-container\" class=\"wpforms-field wpforms-field-name\" data-field-id=\"0\"><fieldset><legend class=\"wpforms-field-label\">Votre nom <span class=\"wpforms-required-label\" aria-hidden=\"true\">*<\/span><\/legend><div class=\"wpforms-field-row wpforms-field-medium\"><div class=\"wpforms-field-row-block wpforms-first wpforms-one-half\"><input type=\"text\" id=\"wpforms-828-field_0\" class=\"wpforms-field-name-first wpforms-field-required\" name=\"wpforms[fields][0][first]\" placeholder=\"Votre nom\" aria-errormessage=\"wpforms-828-field_0-error\" required><label for=\"wpforms-828-field_0\" class=\"wpforms-field-sublabel after wpforms-sublabel-hide\">First<\/label><\/div><div class=\"wpforms-field-row-block wpforms-one-half\"><input type=\"text\" id=\"wpforms-828-field_0-last\" class=\"wpforms-field-name-last wpforms-field-required\" name=\"wpforms[fields][0][last]\" placeholder=\"Votre pr\u00e9nom\" aria-errormessage=\"wpforms-828-field_0-last-error\" required><label for=\"wpforms-828-field_0-last\" class=\"wpforms-field-sublabel after wpforms-sublabel-hide\">Last<\/label><\/div><\/div><\/fieldset><\/div>\t\t<div id=\"wpforms-828-field_3-container\"\n\t\t\tclass=\"wpforms-field wpforms-field-text\"\n\t\t\tdata-field-type=\"text\"\n\t\t\tdata-field-id=\"3\"\n\t\t\t>\n\t\t\t<label class=\"wpforms-field-label\" for=\"wpforms-828-field_3\" >nom Message Votre<\/label>\n\t\t\t<input type=\"text\" id=\"wpforms-828-field_3\" class=\"wpforms-field-medium\" name=\"wpforms[fields][3]\" >\n\t\t<\/div>\n\t\t<div id=\"wpforms-828-field_1-container\" class=\"wpforms-field wpforms-field-email\" data-field-id=\"1\"><label class=\"wpforms-field-label\" for=\"wpforms-828-field_1\">Email <span class=\"wpforms-required-label\" aria-hidden=\"true\">*<\/span><\/label><input type=\"email\" id=\"wpforms-828-field_1\" class=\"wpforms-field-medium wpforms-field-required\" name=\"wpforms[fields][1]\" spellcheck=\"false\" aria-errormessage=\"wpforms-828-field_1-error\" required><\/div><div id=\"wpforms-828-field_2-container\" class=\"wpforms-field wpforms-field-textarea\" data-field-id=\"2\"><label class=\"wpforms-field-label\" for=\"wpforms-828-field_2\">Message<\/label><textarea id=\"wpforms-828-field_2\" class=\"wpforms-field-medium\" name=\"wpforms[fields][2]\" aria-errormessage=\"wpforms-828-field_2-error\" ><\/textarea><\/div><script>\n\t\t\t\t( function() {\n\t\t\t\t\tconst style = document.createElement( 'style' );\n\t\t\t\t\tstyle.appendChild( document.createTextNode( '#wpforms-828-field_3-container { position: absolute !important; overflow: hidden !important; display: inline !important; height: 1px !important; width: 1px !important; z-index: -1000 !important; padding: 0 !important; } #wpforms-828-field_3-container input { visibility: hidden; } #wpforms-conversational-form-page #wpforms-828-field_3-container label { counter-increment: none; }' ) );\n\t\t\t\t\tdocument.head.appendChild( style );\n\t\t\t\t\tdocument.currentScript?.remove();\n\t\t\t\t} )();\n\t\t\t<\/script><\/div><!-- .wpforms-field-container --><div class=\"wpforms-submit-container\" ><input type=\"hidden\" name=\"wpforms[id]\" value=\"828\"><input type=\"hidden\" name=\"page_title\" value=\"\"><input type=\"hidden\" name=\"page_url\" value=\"https:\/\/jean-micheldaune.be\/photo\/wp-json\/wp\/v2\/pages\/836\"><input type=\"hidden\" name=\"url_referer\" value=\"\"><button type=\"submit\" name=\"wpforms[submit]\" id=\"wpforms-submit-828\" class=\"wpforms-submit\" data-alt-text=\"Sending...\" data-submit-text=\"Envoyez\" aria-live=\"assertive\" value=\"wpforms-submit\">Envoyez<\/button><img loading=\"lazy\" decoding=\"async\" src=\"https:\/\/jean-micheldaune.be\/photo\/wp-content\/plugins\/wpforms-lite\/assets\/images\/submit-spin.svg\" class=\"wpforms-submit-spinner\" style=\"display: none;\" width=\"26\" height=\"26\" alt=\"Loading\"><\/div><\/form><\/div>  <!-- .wpforms-container --><\/div><\/div><\/div><\/div>","protected":false},"excerpt":{"rendered":"<p>T: +352 691 166 023 @: jimi@iddifix.lu Jean-Michel Daune \u2013 48 ans &#8211; photographe professionnel et vid\u00e9aste au Luxembourg dans le milieu de la communication (www.picture.lu \/ www.iddifix.lu \/ www.productionvideo.lu). Habitant en Ardenne belge o\u00f9 la nature regorge de diversit\u00e9, il voyage chaque ann\u00e9e \u00e0 travers le globe pour trouver les perles rares et les [&hellip;]<\/p>\n","protected":false},"author":1,"featured_media":0,"parent":0,"menu_order":0,"comment_status":"closed","ping_status":"closed","template":"","meta":{"two_page_speed":[],"footnotes":""},"class_list":["post-836","page","type-page","status-publish","hentry"],"_links":{"self":[{"href":"https:\/\/jean-micheldaune.be\/photo\/wp-json\/wp\/v2\/pages\/836","targetHints":{"allow":["GET"]}}],"collection":[{"href":"https:\/\/jean-micheldaune.be\/photo\/wp-json\/wp\/v2\/pages"}],"about":[{"href":"https:\/\/jean-micheldaune.be\/photo\/wp-json\/wp\/v2\/types\/page"}],"author":[{"embeddable":true,"href":"https:\/\/jean-micheldaune.be\/photo\/wp-json\/wp\/v2\/users\/1"}],"replies":[{"embeddable":true,"href":"https:\/\/jean-micheldaune.be\/photo\/wp-json\/wp\/v2\/comments?post=836"}],"version-history":[{"count":30,"href":"https:\/\/jean-micheldaune.be\/photo\/wp-json\/wp\/v2\/pages\/836\/revisions"}],"predecessor-version":[{"id":1466,"href":"https:\/\/jean-micheldaune.be\/photo\/wp-json\/wp\/v2\/pages\/836\/revisions\/1466"}],"wp:attachment":[{"href":"https:\/\/jean-micheldaune.be\/photo\/wp-json\/wp\/v2\/media?parent=836"}],"curies":[{"name":"wp","href":"https:\/\/api.w.org\/{rel}","templated":true}]}}