{"id":656,"date":"2023-03-31T08:50:38","date_gmt":"2023-03-31T06:50:38","guid":{"rendered":"https:\/\/jean-micheldaune.be\/photo\/?page_id=656"},"modified":"2025-10-22T10:29:25","modified_gmt":"2025-10-22T08:29:25","slug":"iles_feroe","status":"publish","type":"page","link":"https:\/\/jean-micheldaune.be\/photo\/iles_feroe\/","title":{"rendered":"\u00celes F\u00e9ro\u00e9"},"content":{"rendered":"<div id=\"pl-656\"  class=\"panel-layout\" ><div id=\"pg-656-0\"  class=\"panel-grid panel-has-style\" ><div class=\"siteorigin-panels-stretch panel-row-style panel-row-style-for-656-0\" data-stretch-type=\"full\" ><div id=\"pgc-656-0-0\"  class=\"panel-grid-cell\" ><div id=\"panel-656-0-0-0\" class=\"so-panel widget widget_sow-slider panel-first-child\" data-index=\"0\" ><div\n\t\t\t\n\t\t\tclass=\"so-widget-sow-slider so-widget-sow-slider-default-6d39609536fd-656\"\n\t\t\t\n\t\t>\t\t\t\t<div class=\"sow-slider-base\" style=\"display: none\" tabindex=\"0\">\n\t\t\t\t\t<ul\n\t\t\t\t\tclass=\"sow-slider-images\"\n\t\t\t\t\tdata-settings=\"{&quot;pagination&quot;:true,&quot;speed&quot;:800,&quot;timeout&quot;:8000,&quot;paused&quot;:false,&quot;pause_on_hover&quot;:false,&quot;swipe&quot;:true,&quot;nav_always_show_desktop&quot;:&quot;&quot;,&quot;nav_always_show_mobile&quot;:&quot;&quot;,&quot;breakpoint&quot;:&quot;780px&quot;,&quot;unmute&quot;:false,&quot;anchor&quot;:null}\"\n\t\t\t\t\t\t\t\t\t\tdata-anchor-id=\"\"\n\t\t\t\t>\t\t<li class=\"sow-slider-image\" style=\"visibility: visible;\" >\n\t\t\t\t\t\t<img loading=\"lazy\" decoding=\"async\" width=\"1280\" height=\"960\" src=\"https:\/\/jean-micheldaune.be\/photo\/wp-content\/uploads\/2025\/10\/\u00a9Daune_J-Michel-34.jpeg\" class=\"sow-slider-background-image\" alt=\"\" style=\"\" srcset=\"https:\/\/jean-micheldaune.be\/photo\/wp-content\/uploads\/2025\/10\/\u00a9Daune_J-Michel-34.jpeg 1280w, https:\/\/jean-micheldaune.be\/photo\/wp-content\/uploads\/2025\/10\/\u00a9Daune_J-Michel-34-300x225.jpeg 300w, https:\/\/jean-micheldaune.be\/photo\/wp-content\/uploads\/2025\/10\/\u00a9Daune_J-Michel-34-1024x768.jpeg 1024w, https:\/\/jean-micheldaune.be\/photo\/wp-content\/uploads\/2025\/10\/\u00a9Daune_J-Michel-34-768x576.jpeg 768w, https:\/\/jean-micheldaune.be\/photo\/wp-content\/uploads\/2025\/10\/\u00a9Daune_J-Michel-34-1240x930.jpeg 1240w, https:\/\/jean-micheldaune.be\/photo\/wp-content\/uploads\/2025\/10\/\u00a9Daune_J-Michel-34-508x381.jpeg 508w, https:\/\/jean-micheldaune.be\/photo\/wp-content\/uploads\/2025\/10\/\u00a9Daune_J-Michel-34-600x450.jpeg 600w\" sizes=\"auto, (max-width: 1280px) 100vw, 1280px\" \/>\t\t<\/li>\n\t\t\t\t<li class=\"sow-slider-image\" style=\"visibility: hidden;\" >\n\t\t\t\t\t\t<img loading=\"lazy\" decoding=\"async\" width=\"1280\" height=\"960\" src=\"https:\/\/jean-micheldaune.be\/photo\/wp-content\/uploads\/2025\/10\/\u00a9Daune_J-Michel-29.jpeg\" class=\"sow-slider-background-image\" alt=\"\" style=\"\" srcset=\"https:\/\/jean-micheldaune.be\/photo\/wp-content\/uploads\/2025\/10\/\u00a9Daune_J-Michel-29.jpeg 1280w, https:\/\/jean-micheldaune.be\/photo\/wp-content\/uploads\/2025\/10\/\u00a9Daune_J-Michel-29-300x225.jpeg 300w, https:\/\/jean-micheldaune.be\/photo\/wp-content\/uploads\/2025\/10\/\u00a9Daune_J-Michel-29-1024x768.jpeg 1024w, https:\/\/jean-micheldaune.be\/photo\/wp-content\/uploads\/2025\/10\/\u00a9Daune_J-Michel-29-768x576.jpeg 768w, https:\/\/jean-micheldaune.be\/photo\/wp-content\/uploads\/2025\/10\/\u00a9Daune_J-Michel-29-1240x930.jpeg 1240w, https:\/\/jean-micheldaune.be\/photo\/wp-content\/uploads\/2025\/10\/\u00a9Daune_J-Michel-29-508x381.jpeg 508w, https:\/\/jean-micheldaune.be\/photo\/wp-content\/uploads\/2025\/10\/\u00a9Daune_J-Michel-29-600x450.jpeg 600w\" sizes=\"auto, (max-width: 1280px) 100vw, 1280px\" \/>\t\t<\/li>\n\t\t\t\t<li class=\"sow-slider-image\" style=\"visibility: hidden;\" >\n\t\t\t\t\t\t<img loading=\"lazy\" decoding=\"async\" width=\"1280\" height=\"960\" src=\"https:\/\/jean-micheldaune.be\/photo\/wp-content\/uploads\/2025\/10\/\u00a9Daune_J-Michel-30.jpeg\" class=\"sow-slider-background-image\" alt=\"\" style=\"\" srcset=\"https:\/\/jean-micheldaune.be\/photo\/wp-content\/uploads\/2025\/10\/\u00a9Daune_J-Michel-30.jpeg 1280w, https:\/\/jean-micheldaune.be\/photo\/wp-content\/uploads\/2025\/10\/\u00a9Daune_J-Michel-30-300x225.jpeg 300w, https:\/\/jean-micheldaune.be\/photo\/wp-content\/uploads\/2025\/10\/\u00a9Daune_J-Michel-30-1024x768.jpeg 1024w, https:\/\/jean-micheldaune.be\/photo\/wp-content\/uploads\/2025\/10\/\u00a9Daune_J-Michel-30-768x576.jpeg 768w, https:\/\/jean-micheldaune.be\/photo\/wp-content\/uploads\/2025\/10\/\u00a9Daune_J-Michel-30-1240x930.jpeg 1240w, https:\/\/jean-micheldaune.be\/photo\/wp-content\/uploads\/2025\/10\/\u00a9Daune_J-Michel-30-508x381.jpeg 508w, https:\/\/jean-micheldaune.be\/photo\/wp-content\/uploads\/2025\/10\/\u00a9Daune_J-Michel-30-600x450.jpeg 600w\" sizes=\"auto, (max-width: 1280px) 100vw, 1280px\" \/>\t\t<\/li>\n\t\t\t\t<li class=\"sow-slider-image\" style=\"visibility: hidden;\" >\n\t\t\t\t\t\t<img loading=\"lazy\" decoding=\"async\" width=\"1280\" height=\"960\" src=\"https:\/\/jean-micheldaune.be\/photo\/wp-content\/uploads\/2025\/10\/\u00a9Daune_J-Michel-33.jpeg\" class=\"sow-slider-background-image\" alt=\"\" style=\"\" srcset=\"https:\/\/jean-micheldaune.be\/photo\/wp-content\/uploads\/2025\/10\/\u00a9Daune_J-Michel-33.jpeg 1280w, https:\/\/jean-micheldaune.be\/photo\/wp-content\/uploads\/2025\/10\/\u00a9Daune_J-Michel-33-300x225.jpeg 300w, https:\/\/jean-micheldaune.be\/photo\/wp-content\/uploads\/2025\/10\/\u00a9Daune_J-Michel-33-1024x768.jpeg 1024w, https:\/\/jean-micheldaune.be\/photo\/wp-content\/uploads\/2025\/10\/\u00a9Daune_J-Michel-33-768x576.jpeg 768w, https:\/\/jean-micheldaune.be\/photo\/wp-content\/uploads\/2025\/10\/\u00a9Daune_J-Michel-33-1240x930.jpeg 1240w, https:\/\/jean-micheldaune.be\/photo\/wp-content\/uploads\/2025\/10\/\u00a9Daune_J-Michel-33-508x381.jpeg 508w, https:\/\/jean-micheldaune.be\/photo\/wp-content\/uploads\/2025\/10\/\u00a9Daune_J-Michel-33-600x450.jpeg 600w\" sizes=\"auto, (max-width: 1280px) 100vw, 1280px\" \/>\t\t<\/li>\n\t\t\t\t<li class=\"sow-slider-image\" style=\"visibility: hidden;\" >\n\t\t\t\t\t\t<img loading=\"lazy\" decoding=\"async\" width=\"1280\" height=\"958\" src=\"https:\/\/jean-micheldaune.be\/photo\/wp-content\/uploads\/2025\/10\/\u00a9Daune_J-Michel-36.jpeg\" class=\"sow-slider-background-image\" alt=\"\" style=\"\" srcset=\"https:\/\/jean-micheldaune.be\/photo\/wp-content\/uploads\/2025\/10\/\u00a9Daune_J-Michel-36.jpeg 1280w, https:\/\/jean-micheldaune.be\/photo\/wp-content\/uploads\/2025\/10\/\u00a9Daune_J-Michel-36-300x225.jpeg 300w, https:\/\/jean-micheldaune.be\/photo\/wp-content\/uploads\/2025\/10\/\u00a9Daune_J-Michel-36-1024x766.jpeg 1024w, https:\/\/jean-micheldaune.be\/photo\/wp-content\/uploads\/2025\/10\/\u00a9Daune_J-Michel-36-768x575.jpeg 768w, https:\/\/jean-micheldaune.be\/photo\/wp-content\/uploads\/2025\/10\/\u00a9Daune_J-Michel-36-1240x928.jpeg 1240w, https:\/\/jean-micheldaune.be\/photo\/wp-content\/uploads\/2025\/10\/\u00a9Daune_J-Michel-36-508x380.jpeg 508w, https:\/\/jean-micheldaune.be\/photo\/wp-content\/uploads\/2025\/10\/\u00a9Daune_J-Michel-36-600x449.jpeg 600w\" sizes=\"auto, (max-width: 1280px) 100vw, 1280px\" \/>\t\t<\/li>\n\t\t\t\t<li class=\"sow-slider-image\" style=\"visibility: hidden;\" >\n\t\t\t\t\t\t<img loading=\"lazy\" decoding=\"async\" width=\"1280\" height=\"960\" src=\"https:\/\/jean-micheldaune.be\/photo\/wp-content\/uploads\/2025\/10\/\u00a9Daune_J-Michel-37.jpeg\" class=\"sow-slider-background-image\" alt=\"\" style=\"\" srcset=\"https:\/\/jean-micheldaune.be\/photo\/wp-content\/uploads\/2025\/10\/\u00a9Daune_J-Michel-37.jpeg 1280w, https:\/\/jean-micheldaune.be\/photo\/wp-content\/uploads\/2025\/10\/\u00a9Daune_J-Michel-37-300x225.jpeg 300w, https:\/\/jean-micheldaune.be\/photo\/wp-content\/uploads\/2025\/10\/\u00a9Daune_J-Michel-37-1024x768.jpeg 1024w, https:\/\/jean-micheldaune.be\/photo\/wp-content\/uploads\/2025\/10\/\u00a9Daune_J-Michel-37-768x576.jpeg 768w, https:\/\/jean-micheldaune.be\/photo\/wp-content\/uploads\/2025\/10\/\u00a9Daune_J-Michel-37-1240x930.jpeg 1240w, https:\/\/jean-micheldaune.be\/photo\/wp-content\/uploads\/2025\/10\/\u00a9Daune_J-Michel-37-508x381.jpeg 508w, https:\/\/jean-micheldaune.be\/photo\/wp-content\/uploads\/2025\/10\/\u00a9Daune_J-Michel-37-600x450.jpeg 600w\" sizes=\"auto, (max-width: 1280px) 100vw, 1280px\" \/>\t\t<\/li>\n\t\t\t\t<li class=\"sow-slider-image\" style=\"visibility: hidden;\" >\n\t\t\t\t\t\t<img loading=\"lazy\" decoding=\"async\" width=\"1280\" height=\"960\" src=\"https:\/\/jean-micheldaune.be\/photo\/wp-content\/uploads\/2025\/10\/\u00a9Daune_J-Michel-39.jpeg\" class=\"sow-slider-background-image\" alt=\"\" style=\"\" srcset=\"https:\/\/jean-micheldaune.be\/photo\/wp-content\/uploads\/2025\/10\/\u00a9Daune_J-Michel-39.jpeg 1280w, https:\/\/jean-micheldaune.be\/photo\/wp-content\/uploads\/2025\/10\/\u00a9Daune_J-Michel-39-300x225.jpeg 300w, https:\/\/jean-micheldaune.be\/photo\/wp-content\/uploads\/2025\/10\/\u00a9Daune_J-Michel-39-1024x768.jpeg 1024w, https:\/\/jean-micheldaune.be\/photo\/wp-content\/uploads\/2025\/10\/\u00a9Daune_J-Michel-39-768x576.jpeg 768w, https:\/\/jean-micheldaune.be\/photo\/wp-content\/uploads\/2025\/10\/\u00a9Daune_J-Michel-39-1240x930.jpeg 1240w, https:\/\/jean-micheldaune.be\/photo\/wp-content\/uploads\/2025\/10\/\u00a9Daune_J-Michel-39-508x381.jpeg 508w, https:\/\/jean-micheldaune.be\/photo\/wp-content\/uploads\/2025\/10\/\u00a9Daune_J-Michel-39-600x450.jpeg 600w\" sizes=\"auto, (max-width: 1280px) 100vw, 1280px\" \/>\t\t<\/li>\n\t\t\t\t<li class=\"sow-slider-image\" style=\"visibility: hidden;\" >\n\t\t\t\t\t\t<img loading=\"lazy\" decoding=\"async\" width=\"1280\" height=\"960\" src=\"https:\/\/jean-micheldaune.be\/photo\/wp-content\/uploads\/2025\/10\/\u00a9Daune_J-Michel-40.jpeg\" class=\"sow-slider-background-image\" alt=\"\" style=\"\" srcset=\"https:\/\/jean-micheldaune.be\/photo\/wp-content\/uploads\/2025\/10\/\u00a9Daune_J-Michel-40.jpeg 1280w, https:\/\/jean-micheldaune.be\/photo\/wp-content\/uploads\/2025\/10\/\u00a9Daune_J-Michel-40-300x225.jpeg 300w, https:\/\/jean-micheldaune.be\/photo\/wp-content\/uploads\/2025\/10\/\u00a9Daune_J-Michel-40-1024x768.jpeg 1024w, https:\/\/jean-micheldaune.be\/photo\/wp-content\/uploads\/2025\/10\/\u00a9Daune_J-Michel-40-768x576.jpeg 768w, https:\/\/jean-micheldaune.be\/photo\/wp-content\/uploads\/2025\/10\/\u00a9Daune_J-Michel-40-1240x930.jpeg 1240w, https:\/\/jean-micheldaune.be\/photo\/wp-content\/uploads\/2025\/10\/\u00a9Daune_J-Michel-40-508x381.jpeg 508w, https:\/\/jean-micheldaune.be\/photo\/wp-content\/uploads\/2025\/10\/\u00a9Daune_J-Michel-40-600x450.jpeg 600w\" sizes=\"auto, (max-width: 1280px) 100vw, 1280px\" \/>\t\t<\/li>\n\t\t\t\t<li class=\"sow-slider-image\" style=\"visibility: hidden;\" >\n\t\t\t\t\t\t<img loading=\"lazy\" decoding=\"async\" width=\"1280\" height=\"960\" src=\"https:\/\/jean-micheldaune.be\/photo\/wp-content\/uploads\/2025\/10\/\u00a9Daune_J-Michel-44.jpeg\" class=\"sow-slider-background-image\" alt=\"\" style=\"\" srcset=\"https:\/\/jean-micheldaune.be\/photo\/wp-content\/uploads\/2025\/10\/\u00a9Daune_J-Michel-44.jpeg 1280w, https:\/\/jean-micheldaune.be\/photo\/wp-content\/uploads\/2025\/10\/\u00a9Daune_J-Michel-44-300x225.jpeg 300w, https:\/\/jean-micheldaune.be\/photo\/wp-content\/uploads\/2025\/10\/\u00a9Daune_J-Michel-44-1024x768.jpeg 1024w, https:\/\/jean-micheldaune.be\/photo\/wp-content\/uploads\/2025\/10\/\u00a9Daune_J-Michel-44-768x576.jpeg 768w, https:\/\/jean-micheldaune.be\/photo\/wp-content\/uploads\/2025\/10\/\u00a9Daune_J-Michel-44-1240x930.jpeg 1240w, https:\/\/jean-micheldaune.be\/photo\/wp-content\/uploads\/2025\/10\/\u00a9Daune_J-Michel-44-508x381.jpeg 508w, https:\/\/jean-micheldaune.be\/photo\/wp-content\/uploads\/2025\/10\/\u00a9Daune_J-Michel-44-600x450.jpeg 600w\" sizes=\"auto, (max-width: 1280px) 100vw, 1280px\" \/>\t\t<\/li>\n\t\t<\/ul>\t\t\t\t<ol class=\"sow-slider-pagination\">\n\t\t\t\t\t\t\t\t\t\t\t<li><a href=\"#\" data-goto=\"0\" aria-label=\"Display slide 1\"><\/a><\/li>\n\t\t\t\t\t\t\t\t\t\t\t<li><a href=\"#\" data-goto=\"1\" aria-label=\"Display slide 2\"><\/a><\/li>\n\t\t\t\t\t\t\t\t\t\t\t<li><a href=\"#\" data-goto=\"2\" aria-label=\"Display slide 3\"><\/a><\/li>\n\t\t\t\t\t\t\t\t\t\t\t<li><a href=\"#\" data-goto=\"3\" aria-label=\"Display slide 4\"><\/a><\/li>\n\t\t\t\t\t\t\t\t\t\t\t<li><a href=\"#\" data-goto=\"4\" aria-label=\"Display slide 5\"><\/a><\/li>\n\t\t\t\t\t\t\t\t\t\t\t<li><a href=\"#\" data-goto=\"5\" aria-label=\"Display slide 6\"><\/a><\/li>\n\t\t\t\t\t\t\t\t\t\t\t<li><a href=\"#\" data-goto=\"6\" aria-label=\"Display slide 7\"><\/a><\/li>\n\t\t\t\t\t\t\t\t\t\t\t<li><a href=\"#\" data-goto=\"7\" aria-label=\"Display slide 8\"><\/a><\/li>\n\t\t\t\t\t\t\t\t\t\t\t<li><a href=\"#\" data-goto=\"8\" aria-label=\"Display slide 9\"><\/a><\/li>\n\t\t\t\t\t\t\t\t\t<\/ol>\n\n\t\t\t\t<div class=\"sow-slide-nav sow-slide-nav-next\">\n\t\t\t\t\t<a href=\"#\" data-goto=\"next\" aria-label=\"Next slide\" data-action=\"next\">\n\t\t\t\t\t\t<em class=\"sow-sld-icon-thin-right\"><\/em>\n\t\t\t\t\t<\/a>\n\t\t\t\t<\/div>\n\n\t\t\t\t<div class=\"sow-slide-nav sow-slide-nav-prev\">\n\t\t\t\t\t<a href=\"#\" data-goto=\"previous\" aria-label=\"Previous slide\" data-action=\"prev\">\n\t\t\t\t\t\t<em class=\"sow-sld-icon-thin-left\"><\/em>\n\t\t\t\t\t<\/a>\n\t\t\t\t<\/div>\n\t\t\t\t<\/div><\/div><\/div><div id=\"panel-656-0-0-1\" class=\"so-panel widget widget_sow-editor\" data-index=\"1\" ><div\n\t\t\t\n\t\t\tclass=\"so-widget-sow-editor so-widget-sow-editor-base\"\n\t\t\t\n\t\t>\n<div class=\"siteorigin-widget-tinymce textwidget\">\n\t<p>Je vous emm\u00e8ne aux \u00eeles F\u00e9ro\u00e9, une exp\u00e9rience incroyable avec ses paysages \u00e9poustouflants, sa culture unique et ses atmosph\u00e8res tant aim\u00e9es par les photographes,<\/p>\n<p>programme : Nous allons d\u00e9couvrir les plus beaux spots des \u00eeles, sa nature et sa faune seront aussi au rendez-vous pour les photographes animaliers, des plages horaires pour les amateurs de drones seront \u00e9galement au programme, je pourrai vous guider en tant que pilote pro pour voler en parfait respect des zones et l\u00e9gislation \u00e0 respecter. Ce programme vous permettra de d\u00e9couvrir les principales attractions des \u00eeles F\u00e9ro\u00e9 tout en profitant de la beaut\u00e9 naturelle et de la tranquillit\u00e9 de cet archipel unique.<\/p>\n<p><strong>Dur\u00e9e :<\/strong> 8 jours<br \/>\n<strong>P\u00e9riode :<\/strong> 29 avril - 06 mai 2026<br \/>\n<strong>Prochain d\u00e9part :<\/strong> 29 avril 2026<br \/>\n<strong>Effectif :<\/strong> 5 personnes MAXI<\/p>\n<p><strong>PRIX :<\/strong> 2.385,00 \u20ac<br \/>\n*Ce prix comprend le logement et les repas (hors boisson alcoolis\u00e9es) \u2013 les d\u00e9placements en voiture - hors chambre single <\/p>\n<\/div>\n<\/div><\/div><div id=\"panel-656-0-0-2\" class=\"so-panel widget widget_sow-button panel-last-child\" data-index=\"2\" ><div\n\t\t\t\n\t\t\tclass=\"so-widget-sow-button so-widget-sow-button-flat-3c3c3484101e-656\"\n\t\t\t\n\t\t><div class=\"ow-button-base ow-button-align-center\"\n>\n\t\t\t<a\n\t\t\t\t\thref=\"mailto:jimi@iddifix.lu\"\n\t\t\t\t\tclass=\"sowb-button ow-icon-placement-left ow-button-hover\" target=\"_blank\" rel=\"noopener noreferrer\" \t>\n\t\t<span>\n\t\t\t\n\t\t\tINFOS - RESERVATIONS\t\t<\/span>\n\t\t\t<\/a>\n\t<\/div>\n<\/div><\/div><\/div><\/div><\/div><\/div>","protected":false},"excerpt":{"rendered":"<p>Je vous emm\u00e8ne aux \u00eeles F\u00e9ro\u00e9, une exp\u00e9rience incroyable avec ses paysages \u00e9poustouflants, sa culture unique et ses atmosph\u00e8res tant aim\u00e9es par les photographes, programme : Nous allons d\u00e9couvrir les plus beaux spots des \u00eeles, sa nature et sa faune seront aussi au rendez-vous pour les photographes animaliers, des plages horaires pour les amateurs de [&hellip;]<\/p>\n","protected":false},"author":1,"featured_media":0,"parent":0,"menu_order":0,"comment_status":"closed","ping_status":"closed","template":"","meta":{"two_page_speed":[],"footnotes":""},"class_list":["post-656","page","type-page","status-publish","hentry"],"_links":{"self":[{"href":"https:\/\/jean-micheldaune.be\/photo\/wp-json\/wp\/v2\/pages\/656","targetHints":{"allow":["GET"]}}],"collection":[{"href":"https:\/\/jean-micheldaune.be\/photo\/wp-json\/wp\/v2\/pages"}],"about":[{"href":"https:\/\/jean-micheldaune.be\/photo\/wp-json\/wp\/v2\/types\/page"}],"author":[{"embeddable":true,"href":"https:\/\/jean-micheldaune.be\/photo\/wp-json\/wp\/v2\/users\/1"}],"replies":[{"embeddable":true,"href":"https:\/\/jean-micheldaune.be\/photo\/wp-json\/wp\/v2\/comments?post=656"}],"version-history":[{"count":27,"href":"https:\/\/jean-micheldaune.be\/photo\/wp-json\/wp\/v2\/pages\/656\/revisions"}],"predecessor-version":[{"id":1485,"href":"https:\/\/jean-micheldaune.be\/photo\/wp-json\/wp\/v2\/pages\/656\/revisions\/1485"}],"wp:attachment":[{"href":"https:\/\/jean-micheldaune.be\/photo\/wp-json\/wp\/v2\/media?parent=656"}],"curies":[{"name":"wp","href":"https:\/\/api.w.org\/{rel}","templated":true}]}}