{"id":649,"date":"2023-03-31T08:47:09","date_gmt":"2023-03-31T06:47:09","guid":{"rendered":"https:\/\/jean-micheldaune.be\/photo\/?page_id=649"},"modified":"2024-08-27T14:56:20","modified_gmt":"2024-08-27T12:56:20","slug":"decouverte-animaliere","status":"publish","type":"page","link":"https:\/\/jean-micheldaune.be\/photo\/decouverte-animaliere\/","title":{"rendered":"D\u00e9couverte animali\u00e8re"},"content":{"rendered":"<div id=\"pl-649\"  class=\"panel-layout\" ><div id=\"pg-649-0\"  class=\"panel-grid panel-has-style\" ><div class=\"siteorigin-panels-stretch panel-row-style panel-row-style-for-649-0\" data-stretch-type=\"full\" ><div id=\"pgc-649-0-0\"  class=\"panel-grid-cell\" ><div id=\"panel-649-0-0-0\" class=\"so-panel widget widget_sow-slider panel-first-child\" data-index=\"0\" ><div\n\t\t\t\n\t\t\tclass=\"so-widget-sow-slider so-widget-sow-slider-default-6d39609536fd-649\"\n\t\t\t\n\t\t>\t\t\t\t<div class=\"sow-slider-base\" style=\"display: none\" tabindex=\"0\">\n\t\t\t\t\t<ul\n\t\t\t\t\tclass=\"sow-slider-images\"\n\t\t\t\t\tdata-settings=\"{&quot;pagination&quot;:true,&quot;speed&quot;:800,&quot;timeout&quot;:8000,&quot;paused&quot;:false,&quot;pause_on_hover&quot;:false,&quot;swipe&quot;:true,&quot;nav_always_show_desktop&quot;:&quot;&quot;,&quot;nav_always_show_mobile&quot;:&quot;&quot;,&quot;breakpoint&quot;:&quot;780px&quot;,&quot;unmute&quot;:false,&quot;anchor&quot;:null}\"\n\t\t\t\t\t\t\t\t\t\tdata-anchor-id=\"\"\n\t\t\t\t>\t\t<li class=\"sow-slider-image\" style=\"visibility: visible;\" >\n\t\t\t\t\t\t<img loading=\"lazy\" decoding=\"async\" width=\"2560\" height=\"1707\" src=\"https:\/\/jean-micheldaune.be\/photo\/wp-content\/uploads\/2024\/08\/Daune-J-Michel-60-scaled.jpg\" class=\"sow-slider-background-image\" alt=\"\" style=\"\" srcset=\"https:\/\/jean-micheldaune.be\/photo\/wp-content\/uploads\/2024\/08\/Daune-J-Michel-60-scaled.jpg 2560w, https:\/\/jean-micheldaune.be\/photo\/wp-content\/uploads\/2024\/08\/Daune-J-Michel-60-300x200.jpg 300w, https:\/\/jean-micheldaune.be\/photo\/wp-content\/uploads\/2024\/08\/Daune-J-Michel-60-1024x683.jpg 1024w, https:\/\/jean-micheldaune.be\/photo\/wp-content\/uploads\/2024\/08\/Daune-J-Michel-60-768x512.jpg 768w, https:\/\/jean-micheldaune.be\/photo\/wp-content\/uploads\/2024\/08\/Daune-J-Michel-60-1536x1024.jpg 1536w, https:\/\/jean-micheldaune.be\/photo\/wp-content\/uploads\/2024\/08\/Daune-J-Michel-60-2048x1365.jpg 2048w, https:\/\/jean-micheldaune.be\/photo\/wp-content\/uploads\/2024\/08\/Daune-J-Michel-60-1240x827.jpg 1240w, https:\/\/jean-micheldaune.be\/photo\/wp-content\/uploads\/2024\/08\/Daune-J-Michel-60-508x339.jpg 508w, https:\/\/jean-micheldaune.be\/photo\/wp-content\/uploads\/2024\/08\/Daune-J-Michel-60-272x182.jpg 272w\" sizes=\"auto, (max-width: 2560px) 100vw, 2560px\" \/>\t\t<\/li>\n\t\t\t\t<li class=\"sow-slider-image\" style=\"visibility: hidden;\" >\n\t\t\t\t\t\t<img loading=\"lazy\" decoding=\"async\" width=\"2560\" height=\"1707\" src=\"https:\/\/jean-micheldaune.be\/photo\/wp-content\/uploads\/2021\/05\/jean-micheldaune-196-scaled.jpg\" class=\"sow-slider-background-image\" alt=\"\" style=\"\" srcset=\"https:\/\/jean-micheldaune.be\/photo\/wp-content\/uploads\/2021\/05\/jean-micheldaune-196-scaled.jpg 2560w, https:\/\/jean-micheldaune.be\/photo\/wp-content\/uploads\/2021\/05\/jean-micheldaune-196-300x200.jpg 300w, https:\/\/jean-micheldaune.be\/photo\/wp-content\/uploads\/2021\/05\/jean-micheldaune-196-1024x683.jpg 1024w, https:\/\/jean-micheldaune.be\/photo\/wp-content\/uploads\/2021\/05\/jean-micheldaune-196-768x512.jpg 768w, https:\/\/jean-micheldaune.be\/photo\/wp-content\/uploads\/2021\/05\/jean-micheldaune-196-1536x1024.jpg 1536w, https:\/\/jean-micheldaune.be\/photo\/wp-content\/uploads\/2021\/05\/jean-micheldaune-196-2048x1365.jpg 2048w, https:\/\/jean-micheldaune.be\/photo\/wp-content\/uploads\/2021\/05\/jean-micheldaune-196-1240x827.jpg 1240w, https:\/\/jean-micheldaune.be\/photo\/wp-content\/uploads\/2021\/05\/jean-micheldaune-196-508x339.jpg 508w, https:\/\/jean-micheldaune.be\/photo\/wp-content\/uploads\/2021\/05\/jean-micheldaune-196-272x182.jpg 272w\" sizes=\"auto, (max-width: 2560px) 100vw, 2560px\" \/>\t\t<\/li>\n\t\t\t\t<li class=\"sow-slider-image\" style=\"visibility: hidden;\" >\n\t\t\t\t\t\t<img loading=\"lazy\" decoding=\"async\" width=\"1276\" height=\"960\" src=\"https:\/\/jean-micheldaune.be\/photo\/wp-content\/uploads\/2021\/06\/George-1-Jean-MichelDaune.jpeg\" class=\"sow-slider-background-image\" alt=\"\" style=\"\" srcset=\"https:\/\/jean-micheldaune.be\/photo\/wp-content\/uploads\/2021\/06\/George-1-Jean-MichelDaune.jpeg 1276w, https:\/\/jean-micheldaune.be\/photo\/wp-content\/uploads\/2021\/06\/George-1-Jean-MichelDaune-300x226.jpeg 300w, https:\/\/jean-micheldaune.be\/photo\/wp-content\/uploads\/2021\/06\/George-1-Jean-MichelDaune-1024x770.jpeg 1024w, https:\/\/jean-micheldaune.be\/photo\/wp-content\/uploads\/2021\/06\/George-1-Jean-MichelDaune-768x578.jpeg 768w, https:\/\/jean-micheldaune.be\/photo\/wp-content\/uploads\/2021\/06\/George-1-Jean-MichelDaune-1240x933.jpeg 1240w, https:\/\/jean-micheldaune.be\/photo\/wp-content\/uploads\/2021\/06\/George-1-Jean-MichelDaune-508x382.jpeg 508w\" sizes=\"auto, (max-width: 1276px) 100vw, 1276px\" \/>\t\t<\/li>\n\t\t\t\t<li class=\"sow-slider-image\" style=\"visibility: hidden;\" >\n\t\t\t\t\t\t\t\t<\/li>\n\t\t<\/ul>\t\t\t\t<ol class=\"sow-slider-pagination\">\n\t\t\t\t\t\t\t\t\t\t\t<li><a href=\"#\" data-goto=\"0\" aria-label=\"Display slide 1\"><\/a><\/li>\n\t\t\t\t\t\t\t\t\t\t\t<li><a href=\"#\" data-goto=\"1\" aria-label=\"Display slide 2\"><\/a><\/li>\n\t\t\t\t\t\t\t\t\t\t\t<li><a href=\"#\" data-goto=\"2\" aria-label=\"Display slide 3\"><\/a><\/li>\n\t\t\t\t\t\t\t\t\t\t\t<li><a href=\"#\" data-goto=\"3\" aria-label=\"Display slide 4\"><\/a><\/li>\n\t\t\t\t\t\t\t\t\t<\/ol>\n\n\t\t\t\t<div class=\"sow-slide-nav sow-slide-nav-next\">\n\t\t\t\t\t<a href=\"#\" data-goto=\"next\" aria-label=\"Next slide\" data-action=\"next\">\n\t\t\t\t\t\t<em class=\"sow-sld-icon-thin-right\"><\/em>\n\t\t\t\t\t<\/a>\n\t\t\t\t<\/div>\n\n\t\t\t\t<div class=\"sow-slide-nav sow-slide-nav-prev\">\n\t\t\t\t\t<a href=\"#\" data-goto=\"previous\" aria-label=\"Previous slide\" data-action=\"prev\">\n\t\t\t\t\t\t<em class=\"sow-sld-icon-thin-left\"><\/em>\n\t\t\t\t\t<\/a>\n\t\t\t\t<\/div>\n\t\t\t\t<\/div><\/div><\/div><div id=\"panel-649-0-0-1\" class=\"so-panel widget widget_sow-editor\" data-index=\"1\" ><div\n\t\t\t\n\t\t\tclass=\"so-widget-sow-editor so-widget-sow-editor-base\"\n\t\t\t\n\t\t>\n<div class=\"siteorigin-widget-tinymce textwidget\">\n\t<p>Je vous emm\u00e8ne dans ma r\u00e9gion, \u00e0 travers les for\u00eats et prairies.<br \/>\nAu programme, deux spots nature \u00e0 la d\u00e9couverte du chevreuil, le li\u00e8vre ou le plus discret Monsieur renard.<\/p>\n<p>Je vous accompagnerai avec du mat\u00e9riel d\u2019aff\u00fbt pour avoir les meilleures chances de les immortaliser.<\/p>\n<p>En seconde partie, si le temps nous le permet, nous partirons dans une zone humide, nous pourrons y observer des vari\u00e9t\u00e9s de canards souchet, chipeau, colvert, Ouette d\u2019Egypte, hirondelle rustique, bruant des roseaux, Cygne tubercule, martin p\u00eacheur, foulque macroule, aigrette, bergeronnette, cormoras, gr\u00e8be hupp\u00e9, papillon, grenouille, libellule... et bien d\u2019autres esp\u00e8ces.<\/p>\n<p>Un stage photo d'une matin\u00e9e, permettant de d\u00e9couvrir une nature authentique, une initiation au respect et \u00e0 la connaissance des esp\u00e8ces.<\/p>\n<p>Une esp\u00e8ce particuli\u00e8re peut-\u00eatre sollicit\u00e9e uniquement, certaines esp\u00e8ces sont \u00e9videmment d\u00e9pendantes des saisons.<\/p>\n<p><strong>Dur\u00e9e :<\/strong> +-4H<br \/>\n<strong>P\u00e9riode :<\/strong> week-end de mars \u00e0 juin et d\u2019octobre \u00e0 novembre<br \/>\n<strong>O\u00f9 :<\/strong> Ardenne belge<br \/>\n<strong>Effectif :<\/strong> une personne \u00e0 la fois.<br \/>\n<strong>Niveau :<\/strong> d\u00e9butant<\/p>\n<p><strong>PRIX : 150,00 \u20ac<\/strong> TTC<\/p>\n<\/div>\n<\/div><\/div><div id=\"panel-649-0-0-2\" class=\"so-panel widget widget_sow-button panel-last-child\" data-index=\"2\" ><div\n\t\t\t\n\t\t\tclass=\"so-widget-sow-button so-widget-sow-button-flat-447717887bbb-649\"\n\t\t\t\n\t\t><div class=\"ow-button-base ow-button-align-center\"\n>\n\t\t\t<a\n\t\t\t\t\thref=\"mailto:jimi@iddifix.lu\"\n\t\t\t\t\tclass=\"sowb-button ow-icon-placement-left ow-button-hover\" target=\"_blank\" rel=\"noopener noreferrer\" \t>\n\t\t<span>\n\t\t\t\n\t\t\tINFOS - RESERVATIONS\t\t<\/span>\n\t\t\t<\/a>\n\t<\/div>\n<\/div><\/div><\/div><\/div><\/div><\/div>","protected":false},"excerpt":{"rendered":"<p>Je vous emm\u00e8ne dans ma r\u00e9gion, \u00e0 travers les for\u00eats et prairies. Au programme, deux spots nature \u00e0 la d\u00e9couverte du chevreuil, le li\u00e8vre ou le plus discret Monsieur renard. Je vous accompagnerai avec du mat\u00e9riel d\u2019aff\u00fbt pour avoir les meilleures chances de les immortaliser. En seconde partie, si le temps nous le permet, nous [&hellip;]<\/p>\n","protected":false},"author":1,"featured_media":0,"parent":0,"menu_order":0,"comment_status":"closed","ping_status":"closed","template":"","meta":{"two_page_speed":[],"footnotes":""},"class_list":["post-649","page","type-page","status-publish","hentry"],"_links":{"self":[{"href":"https:\/\/jean-micheldaune.be\/photo\/wp-json\/wp\/v2\/pages\/649","targetHints":{"allow":["GET"]}}],"collection":[{"href":"https:\/\/jean-micheldaune.be\/photo\/wp-json\/wp\/v2\/pages"}],"about":[{"href":"https:\/\/jean-micheldaune.be\/photo\/wp-json\/wp\/v2\/types\/page"}],"author":[{"embeddable":true,"href":"https:\/\/jean-micheldaune.be\/photo\/wp-json\/wp\/v2\/users\/1"}],"replies":[{"embeddable":true,"href":"https:\/\/jean-micheldaune.be\/photo\/wp-json\/wp\/v2\/comments?post=649"}],"version-history":[{"count":12,"href":"https:\/\/jean-micheldaune.be\/photo\/wp-json\/wp\/v2\/pages\/649\/revisions"}],"predecessor-version":[{"id":653,"href":"https:\/\/jean-micheldaune.be\/photo\/wp-json\/wp\/v2\/pages\/649\/revisions\/653"}],"wp:attachment":[{"href":"https:\/\/jean-micheldaune.be\/photo\/wp-json\/wp\/v2\/media?parent=649"}],"curies":[{"name":"wp","href":"https:\/\/api.w.org\/{rel}","templated":true}]}}