{"id":629,"date":"2023-03-29T16:58:44","date_gmt":"2023-03-29T14:58:44","guid":{"rendered":"https:\/\/jean-micheldaune.be\/photo\/?page_id=629"},"modified":"2024-02-12T14:17:21","modified_gmt":"2024-02-12T13:17:21","slug":"workshop-lightroom","status":"publish","type":"page","link":"https:\/\/jean-micheldaune.be\/photo\/workshop-lightroom\/","title":{"rendered":"Workshop Lightroom"},"content":{"rendered":"<div id=\"pl-629\"  class=\"panel-layout\" ><div id=\"pg-629-0\"  class=\"panel-grid panel-has-style\" ><div class=\"siteorigin-panels-stretch panel-row-style panel-row-style-for-629-0\" data-stretch-type=\"full\" ><div id=\"pgc-629-0-0\"  class=\"panel-grid-cell\" ><div id=\"panel-629-0-0-0\" class=\"so-panel widget widget_sow-image panel-first-child\" data-index=\"0\" ><div\n\t\t\t\n\t\t\tclass=\"so-widget-sow-image so-widget-sow-image-default-8b5b6f678277-629\"\n\t\t\t\n\t\t>\n<div class=\"sow-image-container\">\n\t\t<img \n\tsrc=\"https:\/\/jean-micheldaune.be\/photo\/wp-content\/uploads\/2023\/03\/LIGHTROOM.jpeg\" width=\"2560\" height=\"1494\" srcset=\"https:\/\/jean-micheldaune.be\/photo\/wp-content\/uploads\/2023\/03\/LIGHTROOM.jpeg 2560w, https:\/\/jean-micheldaune.be\/photo\/wp-content\/uploads\/2023\/03\/LIGHTROOM-300x175.jpeg 300w, https:\/\/jean-micheldaune.be\/photo\/wp-content\/uploads\/2023\/03\/LIGHTROOM-1024x598.jpeg 1024w, https:\/\/jean-micheldaune.be\/photo\/wp-content\/uploads\/2023\/03\/LIGHTROOM-768x448.jpeg 768w, https:\/\/jean-micheldaune.be\/photo\/wp-content\/uploads\/2023\/03\/LIGHTROOM-1536x896.jpeg 1536w, https:\/\/jean-micheldaune.be\/photo\/wp-content\/uploads\/2023\/03\/LIGHTROOM-2048x1195.jpeg 2048w, https:\/\/jean-micheldaune.be\/photo\/wp-content\/uploads\/2023\/03\/LIGHTROOM-1240x724.jpeg 1240w, https:\/\/jean-micheldaune.be\/photo\/wp-content\/uploads\/2023\/03\/LIGHTROOM-508x296.jpeg 508w\" sizes=\"(max-width: 2560px) 100vw, 2560px\" alt=\"\" \t\tclass=\"so-widget-image\"\/>\n\t<\/div>\n\n<\/div><\/div><div id=\"panel-629-0-0-1\" class=\"so-panel widget widget_sow-editor\" data-index=\"1\" ><div\n\t\t\t\n\t\t\tclass=\"so-widget-sow-editor so-widget-sow-editor-base\"\n\t\t\t\n\t\t>\n<div class=\"siteorigin-widget-tinymce textwidget\">\n\t<h3 style=\"font-weight: 400;\"><strong>workshop Lightroom - <span style=\"color: #ff6600;\">NEW \"ONLINE\"<\/span> \u00a0<\/strong><\/h3>\n<p>D\u00e9couvrez Lightroom ou comment d\u00e9velopper comme un pro votre photo !<\/p>\n<p>Lightroom est un logiciel de d\u00e9veloppement de photos populaire utilis\u00e9 par de nombreux photographes professionnels et amateurs. Il offre une gamme d'outils de traitement d'image pour am\u00e9liorer les photos en ajustant la couleur, la nettet\u00e9 et la luminosit\u00e9, entre autres choses.<\/p>\n<p>Dans ce cours pour d\u00e9butants, nous allons vous montrer comment utiliser Lightroom pour d\u00e9velopper vos photos et am\u00e9liorer vos comp\u00e9tences en post-traitement.<\/p>\n<p><strong>Nouvelle formule <span style=\"color: #ff6600;\">ONLINE<\/span> :\u00a0<\/strong>1H30, je partage mon \u00e9cran avec vous!<br \/>\n<strong>De chez vous :<\/strong> 1 \u00e0 plusieurs personnes sur le m\u00eame \u00e9cran \/<br \/>\n<strong>PRIX : 75,00 \u20ac<\/strong> \/ <strong>Formule CLUB<\/strong> (5 pers. et +) : <strong>200,00 \u20ac<\/strong><\/p>\n<p><strong>Formule <span style=\"color: #339966;\">pr\u00e9sentielle<\/span> :<\/strong> 3h<br \/>\n<strong>Effectif :<\/strong> 1 personne \/ cours particuliers<br \/>\n<strong>&gt;PRIX : 150,00 \u20ac \/ Formule CLUB <\/strong>(5 pers. et +)<strong> : 290,00 \u20ac<\/strong><\/p>\n<p>&nbsp;<\/p>\n<\/div>\n<\/div><\/div><div id=\"panel-629-0-0-2\" class=\"so-panel widget widget_sow-button panel-last-child\" data-index=\"2\" ><div\n\t\t\t\n\t\t\tclass=\"so-widget-sow-button so-widget-sow-button-flat-447717887bbb-629\"\n\t\t\t\n\t\t><div class=\"ow-button-base ow-button-align-center\"\n>\n\t\t\t<a\n\t\t\t\t\thref=\"mailto:jimi@iddifix.lu\"\n\t\t\t\t\tclass=\"sowb-button ow-icon-placement-left ow-button-hover\" target=\"_blank\" rel=\"noopener noreferrer\" \t>\n\t\t<span>\n\t\t\t\n\t\t\tINFOS - RESERVATIONS\t\t<\/span>\n\t\t\t<\/a>\n\t<\/div>\n<\/div><\/div><\/div><\/div><\/div><\/div>","protected":false},"excerpt":{"rendered":"<p>workshop Lightroom &#8211; NEW &#8220;ONLINE&#8221; \u00a0 D\u00e9couvrez Lightroom ou comment d\u00e9velopper comme un pro votre photo ! Lightroom est un logiciel de d\u00e9veloppement de photos populaire utilis\u00e9 par de nombreux photographes professionnels et amateurs. Il offre une gamme d&#8217;outils de traitement d&#8217;image pour am\u00e9liorer les photos en ajustant la couleur, la nettet\u00e9 et la luminosit\u00e9, [&hellip;]<\/p>\n","protected":false},"author":1,"featured_media":0,"parent":0,"menu_order":0,"comment_status":"closed","ping_status":"closed","template":"","meta":{"two_page_speed":[],"footnotes":""},"class_list":["post-629","page","type-page","status-publish","hentry"],"_links":{"self":[{"href":"https:\/\/jean-micheldaune.be\/photo\/wp-json\/wp\/v2\/pages\/629","targetHints":{"allow":["GET"]}}],"collection":[{"href":"https:\/\/jean-micheldaune.be\/photo\/wp-json\/wp\/v2\/pages"}],"about":[{"href":"https:\/\/jean-micheldaune.be\/photo\/wp-json\/wp\/v2\/types\/page"}],"author":[{"embeddable":true,"href":"https:\/\/jean-micheldaune.be\/photo\/wp-json\/wp\/v2\/users\/1"}],"replies":[{"embeddable":true,"href":"https:\/\/jean-micheldaune.be\/photo\/wp-json\/wp\/v2\/comments?post=629"}],"version-history":[{"count":15,"href":"https:\/\/jean-micheldaune.be\/photo\/wp-json\/wp\/v2\/pages\/629\/revisions"}],"predecessor-version":[{"id":1020,"href":"https:\/\/jean-micheldaune.be\/photo\/wp-json\/wp\/v2\/pages\/629\/revisions\/1020"}],"wp:attachment":[{"href":"https:\/\/jean-micheldaune.be\/photo\/wp-json\/wp\/v2\/media?parent=629"}],"curies":[{"name":"wp","href":"https:\/\/api.w.org\/{rel}","templated":true}]}}