{"id":591,"date":"2023-03-28T11:08:19","date_gmt":"2023-03-28T09:08:19","guid":{"rendered":"https:\/\/jean-micheldaune.be\/photo\/?page_id=591"},"modified":"2026-01-14T12:49:58","modified_gmt":"2026-01-14T11:49:58","slug":"islande","status":"publish","type":"page","link":"https:\/\/jean-micheldaune.be\/photo\/islande\/","title":{"rendered":"Islande"},"content":{"rendered":"<div id=\"pl-591\"  class=\"panel-layout\" ><div id=\"pg-591-0\"  class=\"panel-grid panel-has-style\" ><div class=\"siteorigin-panels-stretch panel-row-style panel-row-style-for-591-0\" data-stretch-type=\"full\" ><div id=\"pgc-591-0-0\"  class=\"panel-grid-cell\" ><div id=\"panel-591-0-0-0\" class=\"so-panel widget widget_sow-slider panel-first-child\" data-index=\"0\" ><div\n\t\t\t\n\t\t\tclass=\"so-widget-sow-slider so-widget-sow-slider-default-6d39609536fd-591\"\n\t\t\t\n\t\t>\t\t\t\t<div class=\"sow-slider-base\" style=\"display: none\" tabindex=\"0\">\n\t\t\t\t\t<ul\n\t\t\t\t\tclass=\"sow-slider-images\"\n\t\t\t\t\tdata-settings=\"{&quot;pagination&quot;:true,&quot;speed&quot;:800,&quot;timeout&quot;:8000,&quot;paused&quot;:false,&quot;pause_on_hover&quot;:false,&quot;swipe&quot;:true,&quot;nav_always_show_desktop&quot;:&quot;&quot;,&quot;nav_always_show_mobile&quot;:&quot;&quot;,&quot;breakpoint&quot;:&quot;780px&quot;,&quot;unmute&quot;:false,&quot;anchor&quot;:null}\"\n\t\t\t\t\t\t\t\t\t\tdata-anchor-id=\"\"\n\t\t\t\t>\t\t<li class=\"sow-slider-image\" style=\"visibility: visible;\" >\n\t\t\t\t\t\t<img loading=\"lazy\" decoding=\"async\" width=\"2560\" height=\"1707\" src=\"https:\/\/jean-micheldaune.be\/photo\/wp-content\/uploads\/2024\/03\/Daune-J-Michel-430-scaled.jpg\" class=\"sow-slider-background-image\" alt=\"\" style=\"\" srcset=\"https:\/\/jean-micheldaune.be\/photo\/wp-content\/uploads\/2024\/03\/Daune-J-Michel-430-scaled.jpg 2560w, https:\/\/jean-micheldaune.be\/photo\/wp-content\/uploads\/2024\/03\/Daune-J-Michel-430-300x200.jpg 300w, https:\/\/jean-micheldaune.be\/photo\/wp-content\/uploads\/2024\/03\/Daune-J-Michel-430-1024x683.jpg 1024w, https:\/\/jean-micheldaune.be\/photo\/wp-content\/uploads\/2024\/03\/Daune-J-Michel-430-768x512.jpg 768w, https:\/\/jean-micheldaune.be\/photo\/wp-content\/uploads\/2024\/03\/Daune-J-Michel-430-1536x1024.jpg 1536w, https:\/\/jean-micheldaune.be\/photo\/wp-content\/uploads\/2024\/03\/Daune-J-Michel-430-2048x1365.jpg 2048w, https:\/\/jean-micheldaune.be\/photo\/wp-content\/uploads\/2024\/03\/Daune-J-Michel-430-1240x827.jpg 1240w, https:\/\/jean-micheldaune.be\/photo\/wp-content\/uploads\/2024\/03\/Daune-J-Michel-430-508x339.jpg 508w, https:\/\/jean-micheldaune.be\/photo\/wp-content\/uploads\/2024\/03\/Daune-J-Michel-430-272x182.jpg 272w\" sizes=\"auto, (max-width: 2560px) 100vw, 2560px\" \/>\t\t<\/li>\n\t\t\t\t<li class=\"sow-slider-image\" style=\"visibility: hidden;\" >\n\t\t\t\t\t\t<img loading=\"lazy\" decoding=\"async\" width=\"2560\" height=\"1707\" src=\"https:\/\/jean-micheldaune.be\/photo\/wp-content\/uploads\/2024\/03\/Daune-J-Michel-5-scaled.jpg\" class=\"sow-slider-background-image\" alt=\"\" style=\"\" srcset=\"https:\/\/jean-micheldaune.be\/photo\/wp-content\/uploads\/2024\/03\/Daune-J-Michel-5-scaled.jpg 2560w, https:\/\/jean-micheldaune.be\/photo\/wp-content\/uploads\/2024\/03\/Daune-J-Michel-5-300x200.jpg 300w, https:\/\/jean-micheldaune.be\/photo\/wp-content\/uploads\/2024\/03\/Daune-J-Michel-5-1024x683.jpg 1024w, https:\/\/jean-micheldaune.be\/photo\/wp-content\/uploads\/2024\/03\/Daune-J-Michel-5-768x512.jpg 768w, https:\/\/jean-micheldaune.be\/photo\/wp-content\/uploads\/2024\/03\/Daune-J-Michel-5-1536x1024.jpg 1536w, https:\/\/jean-micheldaune.be\/photo\/wp-content\/uploads\/2024\/03\/Daune-J-Michel-5-2048x1365.jpg 2048w, https:\/\/jean-micheldaune.be\/photo\/wp-content\/uploads\/2024\/03\/Daune-J-Michel-5-1240x827.jpg 1240w, https:\/\/jean-micheldaune.be\/photo\/wp-content\/uploads\/2024\/03\/Daune-J-Michel-5-508x339.jpg 508w, https:\/\/jean-micheldaune.be\/photo\/wp-content\/uploads\/2024\/03\/Daune-J-Michel-5-272x182.jpg 272w\" sizes=\"auto, (max-width: 2560px) 100vw, 2560px\" \/>\t\t<\/li>\n\t\t\t\t<li class=\"sow-slider-image\" style=\"visibility: hidden;\" >\n\t\t\t\t\t\t<img loading=\"lazy\" decoding=\"async\" width=\"2560\" height=\"1707\" src=\"https:\/\/jean-micheldaune.be\/photo\/wp-content\/uploads\/2024\/03\/Daune-J-Michel-463-scaled.jpg\" class=\"sow-slider-background-image\" alt=\"\" style=\"\" srcset=\"https:\/\/jean-micheldaune.be\/photo\/wp-content\/uploads\/2024\/03\/Daune-J-Michel-463-scaled.jpg 2560w, https:\/\/jean-micheldaune.be\/photo\/wp-content\/uploads\/2024\/03\/Daune-J-Michel-463-300x200.jpg 300w, https:\/\/jean-micheldaune.be\/photo\/wp-content\/uploads\/2024\/03\/Daune-J-Michel-463-1024x683.jpg 1024w, https:\/\/jean-micheldaune.be\/photo\/wp-content\/uploads\/2024\/03\/Daune-J-Michel-463-768x512.jpg 768w, https:\/\/jean-micheldaune.be\/photo\/wp-content\/uploads\/2024\/03\/Daune-J-Michel-463-1536x1024.jpg 1536w, https:\/\/jean-micheldaune.be\/photo\/wp-content\/uploads\/2024\/03\/Daune-J-Michel-463-2048x1365.jpg 2048w, https:\/\/jean-micheldaune.be\/photo\/wp-content\/uploads\/2024\/03\/Daune-J-Michel-463-1240x827.jpg 1240w, https:\/\/jean-micheldaune.be\/photo\/wp-content\/uploads\/2024\/03\/Daune-J-Michel-463-508x339.jpg 508w, https:\/\/jean-micheldaune.be\/photo\/wp-content\/uploads\/2024\/03\/Daune-J-Michel-463-272x182.jpg 272w\" sizes=\"auto, (max-width: 2560px) 100vw, 2560px\" \/>\t\t<\/li>\n\t\t\t\t<li class=\"sow-slider-image\" style=\"visibility: hidden;\" >\n\t\t\t\t\t\t<img loading=\"lazy\" decoding=\"async\" width=\"2560\" height=\"1707\" src=\"https:\/\/jean-micheldaune.be\/photo\/wp-content\/uploads\/2024\/03\/Daune-Jmi-85-scaled.jpg\" class=\"sow-slider-background-image\" alt=\"\" style=\"\" srcset=\"https:\/\/jean-micheldaune.be\/photo\/wp-content\/uploads\/2024\/03\/Daune-Jmi-85-scaled.jpg 2560w, https:\/\/jean-micheldaune.be\/photo\/wp-content\/uploads\/2024\/03\/Daune-Jmi-85-300x200.jpg 300w, https:\/\/jean-micheldaune.be\/photo\/wp-content\/uploads\/2024\/03\/Daune-Jmi-85-1024x683.jpg 1024w, https:\/\/jean-micheldaune.be\/photo\/wp-content\/uploads\/2024\/03\/Daune-Jmi-85-768x512.jpg 768w, https:\/\/jean-micheldaune.be\/photo\/wp-content\/uploads\/2024\/03\/Daune-Jmi-85-1536x1024.jpg 1536w, https:\/\/jean-micheldaune.be\/photo\/wp-content\/uploads\/2024\/03\/Daune-Jmi-85-2048x1365.jpg 2048w, https:\/\/jean-micheldaune.be\/photo\/wp-content\/uploads\/2024\/03\/Daune-Jmi-85-1240x827.jpg 1240w, https:\/\/jean-micheldaune.be\/photo\/wp-content\/uploads\/2024\/03\/Daune-Jmi-85-508x339.jpg 508w, https:\/\/jean-micheldaune.be\/photo\/wp-content\/uploads\/2024\/03\/Daune-Jmi-85-272x182.jpg 272w\" sizes=\"auto, (max-width: 2560px) 100vw, 2560px\" \/>\t\t<\/li>\n\t\t\t\t<li class=\"sow-slider-image\" style=\"visibility: hidden;\" >\n\t\t\t\t\t\t<img loading=\"lazy\" decoding=\"async\" width=\"1080\" height=\"1920\" src=\"https:\/\/jean-micheldaune.be\/photo\/wp-content\/uploads\/2024\/03\/story-Jean-Michel-Daune_0002_Calque-136.jpg\" class=\"sow-slider-background-image\" alt=\"\" style=\"\" srcset=\"https:\/\/jean-micheldaune.be\/photo\/wp-content\/uploads\/2024\/03\/story-Jean-Michel-Daune_0002_Calque-136.jpg 1080w, https:\/\/jean-micheldaune.be\/photo\/wp-content\/uploads\/2024\/03\/story-Jean-Michel-Daune_0002_Calque-136-169x300.jpg 169w, https:\/\/jean-micheldaune.be\/photo\/wp-content\/uploads\/2024\/03\/story-Jean-Michel-Daune_0002_Calque-136-576x1024.jpg 576w, https:\/\/jean-micheldaune.be\/photo\/wp-content\/uploads\/2024\/03\/story-Jean-Michel-Daune_0002_Calque-136-768x1365.jpg 768w, https:\/\/jean-micheldaune.be\/photo\/wp-content\/uploads\/2024\/03\/story-Jean-Michel-Daune_0002_Calque-136-864x1536.jpg 864w, https:\/\/jean-micheldaune.be\/photo\/wp-content\/uploads\/2024\/03\/story-Jean-Michel-Daune_0002_Calque-136-508x903.jpg 508w\" sizes=\"auto, (max-width: 1080px) 100vw, 1080px\" \/>\t\t<\/li>\n\t\t\t\t<li class=\"sow-slider-image\" style=\"visibility: hidden;\" >\n\t\t\t\t\t\t<img loading=\"lazy\" decoding=\"async\" width=\"2560\" height=\"1707\" src=\"https:\/\/jean-micheldaune.be\/photo\/wp-content\/uploads\/2024\/03\/20231030-1D1A3029-scaled.jpg\" class=\"sow-slider-background-image\" alt=\"\" style=\"\" srcset=\"https:\/\/jean-micheldaune.be\/photo\/wp-content\/uploads\/2024\/03\/20231030-1D1A3029-scaled.jpg 2560w, https:\/\/jean-micheldaune.be\/photo\/wp-content\/uploads\/2024\/03\/20231030-1D1A3029-300x200.jpg 300w, https:\/\/jean-micheldaune.be\/photo\/wp-content\/uploads\/2024\/03\/20231030-1D1A3029-1024x683.jpg 1024w, https:\/\/jean-micheldaune.be\/photo\/wp-content\/uploads\/2024\/03\/20231030-1D1A3029-768x512.jpg 768w, https:\/\/jean-micheldaune.be\/photo\/wp-content\/uploads\/2024\/03\/20231030-1D1A3029-1536x1024.jpg 1536w, https:\/\/jean-micheldaune.be\/photo\/wp-content\/uploads\/2024\/03\/20231030-1D1A3029-2048x1365.jpg 2048w, https:\/\/jean-micheldaune.be\/photo\/wp-content\/uploads\/2024\/03\/20231030-1D1A3029-1240x827.jpg 1240w, https:\/\/jean-micheldaune.be\/photo\/wp-content\/uploads\/2024\/03\/20231030-1D1A3029-508x339.jpg 508w, https:\/\/jean-micheldaune.be\/photo\/wp-content\/uploads\/2024\/03\/20231030-1D1A3029-272x182.jpg 272w\" sizes=\"auto, (max-width: 2560px) 100vw, 2560px\" \/>\t\t<\/li>\n\t\t\t\t<li class=\"sow-slider-image\" style=\"visibility: hidden;\" >\n\t\t\t\t\t\t<img loading=\"lazy\" decoding=\"async\" width=\"2560\" height=\"1707\" src=\"https:\/\/jean-micheldaune.be\/photo\/wp-content\/uploads\/2023\/08\/Jean-Michel_Daune-209-scaled.jpg\" class=\"sow-slider-background-image\" alt=\"\" style=\"\" srcset=\"https:\/\/jean-micheldaune.be\/photo\/wp-content\/uploads\/2023\/08\/Jean-Michel_Daune-209-scaled.jpg 2560w, https:\/\/jean-micheldaune.be\/photo\/wp-content\/uploads\/2023\/08\/Jean-Michel_Daune-209-300x200.jpg 300w, https:\/\/jean-micheldaune.be\/photo\/wp-content\/uploads\/2023\/08\/Jean-Michel_Daune-209-1024x683.jpg 1024w, https:\/\/jean-micheldaune.be\/photo\/wp-content\/uploads\/2023\/08\/Jean-Michel_Daune-209-768x512.jpg 768w, https:\/\/jean-micheldaune.be\/photo\/wp-content\/uploads\/2023\/08\/Jean-Michel_Daune-209-1536x1024.jpg 1536w, https:\/\/jean-micheldaune.be\/photo\/wp-content\/uploads\/2023\/08\/Jean-Michel_Daune-209-2048x1365.jpg 2048w, https:\/\/jean-micheldaune.be\/photo\/wp-content\/uploads\/2023\/08\/Jean-Michel_Daune-209-1240x827.jpg 1240w, https:\/\/jean-micheldaune.be\/photo\/wp-content\/uploads\/2023\/08\/Jean-Michel_Daune-209-508x339.jpg 508w, https:\/\/jean-micheldaune.be\/photo\/wp-content\/uploads\/2023\/08\/Jean-Michel_Daune-209-272x182.jpg 272w\" sizes=\"auto, (max-width: 2560px) 100vw, 2560px\" \/>\t\t<\/li>\n\t\t\t\t<li class=\"sow-slider-image\" style=\"visibility: hidden;\" >\n\t\t\t\t\t\t<img loading=\"lazy\" decoding=\"async\" width=\"2560\" height=\"1707\" src=\"https:\/\/jean-micheldaune.be\/photo\/wp-content\/uploads\/2023\/02\/Daune-104-scaled.jpg\" class=\"sow-slider-background-image\" alt=\"regard entre peur et curiosit\u00e9\" style=\"\" srcset=\"https:\/\/jean-micheldaune.be\/photo\/wp-content\/uploads\/2023\/02\/Daune-104-scaled.jpg 2560w, https:\/\/jean-micheldaune.be\/photo\/wp-content\/uploads\/2023\/02\/Daune-104-300x200.jpg 300w, https:\/\/jean-micheldaune.be\/photo\/wp-content\/uploads\/2023\/02\/Daune-104-1024x683.jpg 1024w, https:\/\/jean-micheldaune.be\/photo\/wp-content\/uploads\/2023\/02\/Daune-104-768x512.jpg 768w, https:\/\/jean-micheldaune.be\/photo\/wp-content\/uploads\/2023\/02\/Daune-104-1536x1024.jpg 1536w, https:\/\/jean-micheldaune.be\/photo\/wp-content\/uploads\/2023\/02\/Daune-104-2048x1366.jpg 2048w, https:\/\/jean-micheldaune.be\/photo\/wp-content\/uploads\/2023\/02\/Daune-104-1240x827.jpg 1240w, https:\/\/jean-micheldaune.be\/photo\/wp-content\/uploads\/2023\/02\/Daune-104-508x339.jpg 508w, https:\/\/jean-micheldaune.be\/photo\/wp-content\/uploads\/2023\/02\/Daune-104-272x182.jpg 272w\" sizes=\"auto, (max-width: 2560px) 100vw, 2560px\" \/>\t\t<\/li>\n\t\t\t\t<li class=\"sow-slider-image\" style=\"visibility: hidden;\" >\n\t\t\t\t\t\t<img loading=\"lazy\" decoding=\"async\" width=\"1920\" height=\"1920\" src=\"https:\/\/jean-micheldaune.be\/photo\/wp-content\/uploads\/2022\/03\/jean-Michel-Daune-Artic-fox_2.jpg\" class=\"sow-slider-background-image\" alt=\"\" style=\"\" srcset=\"https:\/\/jean-micheldaune.be\/photo\/wp-content\/uploads\/2022\/03\/jean-Michel-Daune-Artic-fox_2.jpg 1920w, https:\/\/jean-micheldaune.be\/photo\/wp-content\/uploads\/2022\/03\/jean-Michel-Daune-Artic-fox_2-300x300.jpg 300w, https:\/\/jean-micheldaune.be\/photo\/wp-content\/uploads\/2022\/03\/jean-Michel-Daune-Artic-fox_2-1024x1024.jpg 1024w, https:\/\/jean-micheldaune.be\/photo\/wp-content\/uploads\/2022\/03\/jean-Michel-Daune-Artic-fox_2-150x150.jpg 150w, https:\/\/jean-micheldaune.be\/photo\/wp-content\/uploads\/2022\/03\/jean-Michel-Daune-Artic-fox_2-768x768.jpg 768w, https:\/\/jean-micheldaune.be\/photo\/wp-content\/uploads\/2022\/03\/jean-Michel-Daune-Artic-fox_2-1536x1536.jpg 1536w, https:\/\/jean-micheldaune.be\/photo\/wp-content\/uploads\/2022\/03\/jean-Michel-Daune-Artic-fox_2-1240x1240.jpg 1240w, https:\/\/jean-micheldaune.be\/photo\/wp-content\/uploads\/2022\/03\/jean-Michel-Daune-Artic-fox_2-508x508.jpg 508w\" sizes=\"auto, (max-width: 1920px) 100vw, 1920px\" \/>\t\t<\/li>\n\t\t\t\t<li class=\"sow-slider-image\" style=\"visibility: hidden;\" >\n\t\t\t\t\t\t<img loading=\"lazy\" decoding=\"async\" width=\"2560\" height=\"1707\" src=\"https:\/\/jean-micheldaune.be\/photo\/wp-content\/uploads\/2023\/08\/Jean-Michel_Daune-214-1-scaled.jpg\" class=\"sow-slider-background-image\" alt=\"\" style=\"\" srcset=\"https:\/\/jean-micheldaune.be\/photo\/wp-content\/uploads\/2023\/08\/Jean-Michel_Daune-214-1-scaled.jpg 2560w, https:\/\/jean-micheldaune.be\/photo\/wp-content\/uploads\/2023\/08\/Jean-Michel_Daune-214-1-300x200.jpg 300w, https:\/\/jean-micheldaune.be\/photo\/wp-content\/uploads\/2023\/08\/Jean-Michel_Daune-214-1-1024x683.jpg 1024w, https:\/\/jean-micheldaune.be\/photo\/wp-content\/uploads\/2023\/08\/Jean-Michel_Daune-214-1-768x512.jpg 768w, https:\/\/jean-micheldaune.be\/photo\/wp-content\/uploads\/2023\/08\/Jean-Michel_Daune-214-1-1536x1024.jpg 1536w, https:\/\/jean-micheldaune.be\/photo\/wp-content\/uploads\/2023\/08\/Jean-Michel_Daune-214-1-2048x1365.jpg 2048w, https:\/\/jean-micheldaune.be\/photo\/wp-content\/uploads\/2023\/08\/Jean-Michel_Daune-214-1-1240x827.jpg 1240w, https:\/\/jean-micheldaune.be\/photo\/wp-content\/uploads\/2023\/08\/Jean-Michel_Daune-214-1-508x339.jpg 508w, https:\/\/jean-micheldaune.be\/photo\/wp-content\/uploads\/2023\/08\/Jean-Michel_Daune-214-1-272x182.jpg 272w\" sizes=\"auto, (max-width: 2560px) 100vw, 2560px\" \/>\t\t<\/li>\n\t\t<\/ul>\t\t\t\t<ol class=\"sow-slider-pagination\">\n\t\t\t\t\t\t\t\t\t\t\t<li><a href=\"#\" data-goto=\"0\" aria-label=\"Display slide 1\"><\/a><\/li>\n\t\t\t\t\t\t\t\t\t\t\t<li><a href=\"#\" data-goto=\"1\" aria-label=\"Display slide 2\"><\/a><\/li>\n\t\t\t\t\t\t\t\t\t\t\t<li><a href=\"#\" data-goto=\"2\" aria-label=\"Display slide 3\"><\/a><\/li>\n\t\t\t\t\t\t\t\t\t\t\t<li><a href=\"#\" data-goto=\"3\" aria-label=\"Display slide 4\"><\/a><\/li>\n\t\t\t\t\t\t\t\t\t\t\t<li><a href=\"#\" data-goto=\"4\" aria-label=\"Display slide 5\"><\/a><\/li>\n\t\t\t\t\t\t\t\t\t\t\t<li><a href=\"#\" data-goto=\"5\" aria-label=\"Display slide 6\"><\/a><\/li>\n\t\t\t\t\t\t\t\t\t\t\t<li><a href=\"#\" data-goto=\"6\" aria-label=\"Display slide 7\"><\/a><\/li>\n\t\t\t\t\t\t\t\t\t\t\t<li><a href=\"#\" data-goto=\"7\" aria-label=\"Display slide 8\"><\/a><\/li>\n\t\t\t\t\t\t\t\t\t\t\t<li><a href=\"#\" data-goto=\"8\" aria-label=\"Display slide 9\"><\/a><\/li>\n\t\t\t\t\t\t\t\t\t\t\t<li><a href=\"#\" data-goto=\"9\" aria-label=\"Display slide 10\"><\/a><\/li>\n\t\t\t\t\t\t\t\t\t<\/ol>\n\n\t\t\t\t<div class=\"sow-slide-nav sow-slide-nav-next\">\n\t\t\t\t\t<a href=\"#\" data-goto=\"next\" aria-label=\"Next slide\" data-action=\"next\">\n\t\t\t\t\t\t<em class=\"sow-sld-icon-thin-right\"><\/em>\n\t\t\t\t\t<\/a>\n\t\t\t\t<\/div>\n\n\t\t\t\t<div class=\"sow-slide-nav sow-slide-nav-prev\">\n\t\t\t\t\t<a href=\"#\" data-goto=\"previous\" aria-label=\"Previous slide\" data-action=\"prev\">\n\t\t\t\t\t\t<em class=\"sow-sld-icon-thin-left\"><\/em>\n\t\t\t\t\t<\/a>\n\t\t\t\t<\/div>\n\t\t\t\t<\/div><\/div><\/div><div id=\"panel-591-0-0-1\" class=\"so-panel widget widget_sow-editor\" data-index=\"1\" ><div\n\t\t\t\n\t\t\tclass=\"so-widget-sow-editor so-widget-sow-editor-base\"\n\t\t\t\n\t\t>\n<div class=\"siteorigin-widget-tinymce textwidget\">\n\t<h3 style=\"font-weight: 400;\"><strong>Workshop photo Islande<\/strong><\/h3>\n<p>Une exp\u00e9rience inoubliable pour les passionn\u00e9s de la photographie qui souhaitent d\u00e9couvrir des paysages majestueux ainsi qu\u2019une faune vari\u00e9e et exceptionnelle.<\/p>\n<p>Ce workshop est d\u00e9di\u00e9 aux amateurs comme aux professionnels qui pourront profiter des meilleurs sites.<\/p>\n<p>L'Islande est un pays unique avec des paysages \u00e0 couper le souffle, des glaciers, des volcans, des fjords, des champs de lave, des cascades et bien plus encore. C\u2019est une occasion de d\u00e9couvrir ces merveilles naturelles tout en perfectionnant ses comp\u00e9tences photographiques.<\/p>\n<h4>Programme<\/h4>\n<p><strong>Programme hiver : <\/strong>des paysages de montagne, cascade, rocher, champs de lave et mer avec leurs lumi\u00e8res f\u00e9\u00e9riques d'hiver et surtout la chance d'observer des aurores bor\u00e9ales ! Nous partirons sur les plus beaux spots d'Islande Snaefellsness, cercle d'or, geysers, plage noire, le grand corbeau, phoque et renne.<\/p>\n<p><strong>Programme \u00e9t\u00e9 : <\/strong> Je vous ferai d\u00e9couvrir les fjords de l'ouest et nord ouest - je partagerai avec vous mes spots des renards polaires et nous monterons d\u00e9couvrir le meilleur spot pour les macareux moines fin du s\u00e9jour.<br \/>\nLes journ\u00e9es seront divis\u00e9es en s\u00e9ances paysage, faune et flore pour satisfaire tous les types de photographie. Vous aurez peut-\u00eatre la chance de photographier le grand corbeau, le renard polaire, le macareux moine (puffin), le phoque, le pluvier dor\u00e9s et bien d\u2019autres esp\u00e8ces. Vous serez \u00e9merveill\u00e9s par les superbes fjords et ses falaises, ses pics volcaniques, ses champs de lave.<\/p>\n<p>C\u2019est une exp\u00e9rience unique pour les passionn\u00e9s de la photographie qui souhaitent d\u00e9couvrir les paysages spectaculaires de l'Islande, une faune magnifique, vari\u00e9e et iconique, tout en perfectionnant ses comp\u00e9tences photographiques. Ce workshop est une occasion de partager sa passion avec d'autres photographes. Tout ceux qui sont venus, r\u00eavent d'y revenir. Le dire ou l'\u00e9crire est une chose, le vivre... est merveilleux.<\/p>\n<\/div>\n<\/div><\/div><div id=\"panel-591-0-0-2\" class=\"so-panel widget widget_sow-editor\" data-index=\"2\" ><div id=\"option\" class=\"panel-widget-style panel-widget-style-for-591-0-0-2\" ><div\n\t\t\t\n\t\t\tclass=\"so-widget-sow-editor so-widget-sow-editor-base\"\n\t\t\t\n\t\t>\n<div class=\"siteorigin-widget-tinymce textwidget\">\n\t<p><strong>Dates :<\/strong> <strong>19-28 juin 2026 <\/strong><\/p>\n<p><strong>PRIX : \u00a03.690,00 \u20ac -\u00a0<\/strong><br \/>\nLe prix n'inclut pas le vol d\u2019avion (+-500 \u20ac) chambre single en suppl\u00e9ment.<br \/>\nCe prix comprend le logement en g\u00eete tout confort et les repas (hors boisson alcoolis\u00e9es) \u2013 tous les d\u00e9placements en voiture* priv\u00e9e 4x4 et l\u2019accompagnement d\u2019un photographe pro.<\/p>\n<p style=\"font-size: 12px;\">*Transport et trajets r\u00e9alis\u00e9s conform\u00e9ment \u00e0 la l\u00e9gislation islandaise : uniquement dans le cadre de l\u2019atelier de photographie pour acc\u00e9der aux lieux de prise de vue. Notre fonctionnement est reconnu et approuv\u00e9 officiellement par les autorit\u00e9s islandaises comp\u00e9tentes.<\/p>\n<p><strong>Niveau :<br \/>\nFACILE<\/strong> \u2013 Ce workshop ne n\u00e9cessite pas d\u2019effort particulier, nous marcherons avec le mat\u00e9riel, \u00e0 pas mod\u00e9r\u00e9, le v\u00e9hicule sera gar\u00e9 \u00e0 proximit\u00e9 pour la majorit\u00e9 des sites. Il est ouvert \u00e0 tous, cependant, nous demandons d\u2019\u00eatre en bonne condition physique.<\/p>\n<p><strong>Mat\u00e9riel :<\/strong><br \/>\nL\u2019Islande \u00e0 une m\u00e9t\u00e9o assez variante, vous pouvez avoir un beau soleil comme des vents forts, accompagn\u00e9 de pluie.<\/p>\n<p>- Mat\u00e9riel photographique : objectif paysage -<br \/>\n- Ordinateur portable pour les s\u00e9ances de d\u00e9veloppement (Lightroom, Photoshop)<br \/>\n- pull l\u00e9ger en laine<br \/>\n- Couches l\u00e9g\u00e8res (hauts \u00e0 manches longues) ou doudoune<br \/>\n- Veste et pantalon imperm\u00e9ables\/coupe-vent<br \/>\n- Chaussures de marche, type de randonn\u00e9e<br \/>\n- Lunettes de soleil (au printemps\/\u00e9t\u00e9, il fait clair 24h\/24 et 7j\/7)<br \/>\n- Gants light (pour le mois de juin) ou sous-gants<br \/>\n- Chapeau (casquette et bonnet)<br \/>\n- Sous-v\u00eatements thermiques<br \/>\n- Cr\u00e8me solaire<br \/>\n- N\u00e9cessaire de toilettes<\/p>\n<p><strong>Votre guide :<\/strong><br \/>\nJean-Michel Daune \u2013 48 ans. Photographe professionnel (n\u00b0 65351-1 picture.lu) et vid\u00e9aste au Luxembourg dans le milieu de la communication (iddifix.lu et productionvideo.lu).<br \/>\nIl est avant tout passionn\u00e9 de nature. Habitant en Ardenne o\u00f9 la nature regorge de diversit\u00e9, il voyage chaque ann\u00e9e \u00e0 travers le globe pour trouver les perles rares et les plus belles lumi\u00e8res \u00e0 immortaliser : Islande, Afrique du sud, Costa Rica, Italie, France, Norv\u00e8ge, Suisse, Oc\u00e9anie, \u2026 Il vous accompagne \u00e0 chaque \u00e9tape pour faire de votre workshop un souvenir m\u00e9morable.<\/p>\n<\/div>\n<\/div><\/div><\/div><div id=\"panel-591-0-0-3\" class=\"so-panel widget widget_sow-button panel-last-child\" data-index=\"3\" ><div\n\t\t\t\n\t\t\tclass=\"so-widget-sow-button so-widget-sow-button-flat-447717887bbb-591\"\n\t\t\t\n\t\t><div class=\"ow-button-base ow-button-align-center\"\n>\n\t\t\t<a\n\t\t\t\t\thref=\"mailto:jimi@iddifix.lu\"\n\t\t\t\t\tclass=\"sowb-button ow-icon-placement-left ow-button-hover\" target=\"_blank\" rel=\"noopener noreferrer\" \t>\n\t\t<span>\n\t\t\t\n\t\t\tINFOS - RESERVATIONS\t\t<\/span>\n\t\t\t<\/a>\n\t<\/div>\n<\/div><\/div><\/div><\/div><\/div><\/div>","protected":false},"excerpt":{"rendered":"<p>Workshop photo Islande Une exp\u00e9rience inoubliable pour les passionn\u00e9s de la photographie qui souhaitent d\u00e9couvrir des paysages majestueux ainsi qu\u2019une faune vari\u00e9e et exceptionnelle. Ce workshop est d\u00e9di\u00e9 aux amateurs comme aux professionnels qui pourront profiter des meilleurs sites. L&#8217;Islande est un pays unique avec des paysages \u00e0 couper le souffle, des glaciers, des volcans, [&hellip;]<\/p>\n","protected":false},"author":1,"featured_media":0,"parent":0,"menu_order":0,"comment_status":"closed","ping_status":"closed","template":"","meta":{"two_page_speed":[],"footnotes":""},"class_list":["post-591","page","type-page","status-publish","hentry"],"_links":{"self":[{"href":"https:\/\/jean-micheldaune.be\/photo\/wp-json\/wp\/v2\/pages\/591","targetHints":{"allow":["GET"]}}],"collection":[{"href":"https:\/\/jean-micheldaune.be\/photo\/wp-json\/wp\/v2\/pages"}],"about":[{"href":"https:\/\/jean-micheldaune.be\/photo\/wp-json\/wp\/v2\/types\/page"}],"author":[{"embeddable":true,"href":"https:\/\/jean-micheldaune.be\/photo\/wp-json\/wp\/v2\/users\/1"}],"replies":[{"embeddable":true,"href":"https:\/\/jean-micheldaune.be\/photo\/wp-json\/wp\/v2\/comments?post=591"}],"version-history":[{"count":91,"href":"https:\/\/jean-micheldaune.be\/photo\/wp-json\/wp\/v2\/pages\/591\/revisions"}],"predecessor-version":[{"id":1490,"href":"https:\/\/jean-micheldaune.be\/photo\/wp-json\/wp\/v2\/pages\/591\/revisions\/1490"}],"wp:attachment":[{"href":"https:\/\/jean-micheldaune.be\/photo\/wp-json\/wp\/v2\/media?parent=591"}],"curies":[{"name":"wp","href":"https:\/\/api.w.org\/{rel}","templated":true}]}}